{"id":57,"date":"2013-08-12T14:34:20","date_gmt":"2013-08-12T14:34:20","guid":{"rendered":"http:\/\/www.baloncestobenahavis.com\/?page_id=57"},"modified":"2016-05-24T12:18:43","modified_gmt":"2016-05-24T10:18:43","slug":"contacto","status":"publish","type":"page","link":"https:\/\/www.baloncestobenahavis.com\/?page_id=57","title":{"rendered":"CONTACTO"},"content":{"rendered":"<p><iframe style=\"border: 0;\" src=\"https:\/\/www.google.com\/maps\/embed?pb=!1m18!1m12!1m3!1d801.5779974970714!2d-5.046186650555836!3d36.52246682202191!2m3!1f0!2f0!3f0!3m2!1i1024!2i768!4f13.1!3m3!1m2!1s0xd72d547103fa045%3A0xe808cc071ae3fa92!2sClub+Baloncesto+Benahavis+Costa+del+Sol!5e0!3m2!1ses!2sus!4v1464085082211\" width=\"600\" height=\"450\" frameborder=\"0\" allowfullscreen=\"allowfullscreen\"><\/iframe><\/p>\n<p>Si desea realizar alguna consulta, comentario o sugerencia, puede ponerse en contacto a trav\u00e9s de los datos que le facilitamos a continuaci\u00f3n o envi\u00e1ndonos un email, nos pondremos en contacto con usted lo antes posible.<\/p>\n<p style=\"font-style: inherit;\"><strong><img decoding=\"async\" class=\"alignleft wp-image-2193\" src=\"http:\/\/www.baloncestobenahavis.com\/wp-content\/uploads\/2015\/09\/Logo-CB-Benahavis-Spartans.jpg\" alt=\"Logo CB Benahavis Spartans\" width=\"143\" height=\"121\" srcset=\"https:\/\/www.baloncestobenahavis.com\/wp-content\/uploads\/2015\/09\/Logo-CB-Benahavis-Spartans.jpg 1300w, https:\/\/www.baloncestobenahavis.com\/wp-content\/uploads\/2015\/09\/Logo-CB-Benahavis-Spartans-300x253.jpg 300w, https:\/\/www.baloncestobenahavis.com\/wp-content\/uploads\/2015\/09\/Logo-CB-Benahavis-Spartans-1024x864.jpg 1024w\" sizes=\"(max-width: 143px) 100vw, 143px\" \/>CLUB BALONCESTO BENAHAV\u00cdS COSTA DEL SOL<\/strong><br \/>\n<strong>Avenida de Las Margaritas s\/n<\/strong><br \/>\n<strong> Pabell\u00f3n Municipal de Deportes 29679 \u2013 Benahav\u00eds (M\u00e1laga)<\/strong><br \/>\n<strong> Tel\u00e9fono : 609 00 30 40<\/strong><\/p>\n<p style=\"font-style: inherit;\"><a style=\"font-style: inherit; font-weight: inherit;\" href=\"mailto:baloncestobenahavis@gmail.com\">baloncestobenahavis@gmail.com<\/a><\/p>\n\n<div class=\"wpcf7 no-js\" id=\"wpcf7-f1756-o1\" lang=\"es-ES\" dir=\"ltr\" data-wpcf7-id=\"1756\">\n<div class=\"screen-reader-response\"><p role=\"status\" aria-live=\"polite\" aria-atomic=\"true\"><\/p> <ul><\/ul><\/div>\n<form action=\"\/index.php?rest_route=%2Fwp%2Fv2%2Fpages%2F57#wpcf7-f1756-o1\" method=\"post\" class=\"wpcf7-form init\" aria-label=\"Formulario de contacto\" novalidate=\"novalidate\" data-status=\"init\">\n<fieldset class=\"hidden-fields-container\"><input type=\"hidden\" name=\"_wpcf7\" value=\"1756\" \/><input type=\"hidden\" name=\"_wpcf7_version\" value=\"6.1.5\" \/><input type=\"hidden\" name=\"_wpcf7_locale\" value=\"es_ES\" \/><input type=\"hidden\" name=\"_wpcf7_unit_tag\" value=\"wpcf7-f1756-o1\" \/><input type=\"hidden\" name=\"_wpcf7_container_post\" value=\"0\" \/><input type=\"hidden\" name=\"_wpcf7_posted_data_hash\" value=\"\" \/>\n<\/fieldset>\n<p>Su nombre (requerido)\n<\/p>\n<p><span class=\"wpcf7-form-control-wrap\" data-name=\"your-name\"><input size=\"40\" maxlength=\"400\" class=\"wpcf7-form-control wpcf7-text wpcf7-validates-as-required\" aria-required=\"true\" aria-invalid=\"false\" value=\"\" type=\"text\" name=\"your-name\" \/><\/span>\n<\/p>\n<p>Su e-mail (requerido)\n<\/p>\n<p><span class=\"wpcf7-form-control-wrap\" data-name=\"your-email\"><input size=\"40\" maxlength=\"400\" class=\"wpcf7-form-control wpcf7-email wpcf7-validates-as-required wpcf7-text wpcf7-validates-as-email\" aria-required=\"true\" aria-invalid=\"false\" value=\"\" type=\"email\" name=\"your-email\" \/><\/span>\n<\/p>\n<p>Asunto\n<\/p>\n<p><span class=\"wpcf7-form-control-wrap\" data-name=\"your-subject\"><input size=\"40\" maxlength=\"400\" class=\"wpcf7-form-control wpcf7-text\" aria-invalid=\"false\" value=\"\" type=\"text\" name=\"your-subject\" \/><\/span>\n<\/p>\n<p>Su mensaje\n<\/p>\n<p><span class=\"wpcf7-form-control-wrap\" data-name=\"your-message\"><textarea cols=\"40\" rows=\"10\" maxlength=\"2000\" class=\"wpcf7-form-control wpcf7-textarea\" aria-invalid=\"false\" name=\"your-message\"><\/textarea><\/span>\n<\/p>\n<p><input class=\"wpcf7-form-control wpcf7-submit has-spinner\" type=\"submit\" value=\"Enviar\" \/>\n<\/p><div class=\"wpcf7-response-output\" aria-hidden=\"true\"><\/div>\n<\/form>\n<\/div>\n\n","protected":false},"excerpt":{"rendered":"<p>Si desea realizar alguna consulta, comentario o sugerencia, puede ponerse en contacto a trav\u00e9s de..<\/p>\n","protected":false},"author":2,"featured_media":0,"parent":0,"menu_order":0,"comment_status":"open","ping_status":"closed","template":"","meta":{"footnotes":""},"class_list":["post-57","page","type-page","status-publish","hentry"],"_links":{"self":[{"href":"https:\/\/www.baloncestobenahavis.com\/index.php?rest_route=\/wp\/v2\/pages\/57","targetHints":{"allow":["GET"]}}],"collection":[{"href":"https:\/\/www.baloncestobenahavis.com\/index.php?rest_route=\/wp\/v2\/pages"}],"about":[{"href":"https:\/\/www.baloncestobenahavis.com\/index.php?rest_route=\/wp\/v2\/types\/page"}],"author":[{"embeddable":true,"href":"https:\/\/www.baloncestobenahavis.com\/index.php?rest_route=\/wp\/v2\/users\/2"}],"replies":[{"embeddable":true,"href":"https:\/\/www.baloncestobenahavis.com\/index.php?rest_route=%2Fwp%2Fv2%2Fcomments&post=57"}],"version-history":[{"count":13,"href":"https:\/\/www.baloncestobenahavis.com\/index.php?rest_route=\/wp\/v2\/pages\/57\/revisions"}],"predecessor-version":[{"id":2907,"href":"https:\/\/www.baloncestobenahavis.com\/index.php?rest_route=\/wp\/v2\/pages\/57\/revisions\/2907"}],"wp:attachment":[{"href":"https:\/\/www.baloncestobenahavis.com\/index.php?rest_route=%2Fwp%2Fv2%2Fmedia&parent=57"}],"curies":[{"name":"wp","href":"https:\/\/api.w.org\/{rel}","templated":true}]}}