{"id":3041,"date":"2016-06-13T13:11:46","date_gmt":"2016-06-13T11:11:46","guid":{"rendered":"http:\/\/www.baloncestobenahavis.com\/?page_id=3041"},"modified":"2017-01-13T12:46:23","modified_gmt":"2017-01-13T11:46:23","slug":"prepador-fisico","status":"publish","type":"page","link":"https:\/\/www.baloncestobenahavis.com\/?page_id=3041","title":{"rendered":"PREPADOR F\u00cdSICO"},"content":{"rendered":"<p><img fetchpriority=\"high\" decoding=\"async\" class=\"size-full wp-image-3694 aligncenter\" src=\"http:\/\/www.baloncestobenahavis.com\/wp-content\/uploads\/2017\/01\/bemove3.jpg\" alt=\"bemove3\" width=\"956\" height=\"672\" srcset=\"https:\/\/www.baloncestobenahavis.com\/wp-content\/uploads\/2017\/01\/bemove3.jpg 956w, https:\/\/www.baloncestobenahavis.com\/wp-content\/uploads\/2017\/01\/bemove3-300x211.jpg 300w, https:\/\/www.baloncestobenahavis.com\/wp-content\/uploads\/2017\/01\/bemove3-768x540.jpg 768w\" sizes=\"(max-width: 956px) 100vw, 956px\" \/><img decoding=\"async\" class=\"wp-image-3045 aligncenter\" src=\"http:\/\/www.baloncestobenahavis.com\/wp-content\/uploads\/2016\/06\/JAVIER-CASADO-BANNER.jpg\" alt=\"JAVIER CASADO BANNER\" width=\"781\" height=\"231\" srcset=\"https:\/\/www.baloncestobenahavis.com\/wp-content\/uploads\/2016\/06\/JAVIER-CASADO-BANNER.jpg 1294w, https:\/\/www.baloncestobenahavis.com\/wp-content\/uploads\/2016\/06\/JAVIER-CASADO-BANNER-300x89.jpg 300w, https:\/\/www.baloncestobenahavis.com\/wp-content\/uploads\/2016\/06\/JAVIER-CASADO-BANNER-768x227.jpg 768w, https:\/\/www.baloncestobenahavis.com\/wp-content\/uploads\/2016\/06\/JAVIER-CASADO-BANNER-1024x303.jpg 1024w\" sizes=\"(max-width: 781px) 100vw, 781px\" \/><\/p>\n<h4 style=\"text-align: center;\"><strong>Entrenador Personal &#8211;\u00a0Reeducaci\u00f3n postural &#8211; Recuperaci\u00f3n de lesiones<\/strong><br \/>\n<strong>Aumento de rendimiento &#8211;\u00a0Aumento de masa muscular &#8211;\u00a0P\u00e9rdida de peso<\/strong><\/h4>\n<p style=\"text-align: center;\"><span style=\"text-decoration: underline;\"><strong>Contacto:<\/strong><\/span><\/p>\n<p style=\"text-align: center;\"><strong>JAVIER CASADO FLORES<\/strong><br \/>\n<strong>N\u00ba de M\u00f3vil: 692.619.883<br \/>\n<\/strong><strong>E-mail: <a href=\"mailto:javiercasadopt@gmail.com\">javiercasadopt@gmail.com<img decoding=\"async\" class=\"wp-image-3697 aligncenter\" src=\"http:\/\/www.baloncestobenahavis.com\/wp-content\/uploads\/2017\/01\/IMG-20170112-WA0001.jpg\" alt=\"IMG-20170112-WA0001\" width=\"547\" height=\"387\" srcset=\"https:\/\/www.baloncestobenahavis.com\/wp-content\/uploads\/2017\/01\/IMG-20170112-WA0001.jpg 1599w, https:\/\/www.baloncestobenahavis.com\/wp-content\/uploads\/2017\/01\/IMG-20170112-WA0001-300x212.jpg 300w, https:\/\/www.baloncestobenahavis.com\/wp-content\/uploads\/2017\/01\/IMG-20170112-WA0001-768x543.jpg 768w, https:\/\/www.baloncestobenahavis.com\/wp-content\/uploads\/2017\/01\/IMG-20170112-WA0001-1024x724.jpg 1024w\" sizes=\"(max-width: 547px) 100vw, 547px\" \/><\/a><\/strong><\/p>\n<p style=\"text-align: center;\"><img loading=\"lazy\" decoding=\"async\" class=\"alignleft size-full wp-image-3693\" src=\"http:\/\/www.baloncestobenahavis.com\/wp-content\/uploads\/2017\/01\/bemove4.jpg\" alt=\"bemove4\" width=\"1468\" height=\"379\" srcset=\"https:\/\/www.baloncestobenahavis.com\/wp-content\/uploads\/2017\/01\/bemove4.jpg 1468w, https:\/\/www.baloncestobenahavis.com\/wp-content\/uploads\/2017\/01\/bemove4-300x77.jpg 300w, https:\/\/www.baloncestobenahavis.com\/wp-content\/uploads\/2017\/01\/bemove4-768x198.jpg 768w, https:\/\/www.baloncestobenahavis.com\/wp-content\/uploads\/2017\/01\/bemove4-1024x264.jpg 1024w\" sizes=\"(max-width: 1468px) 100vw, 1468px\" \/> <img loading=\"lazy\" decoding=\"async\" class=\"size-full wp-image-3695 aligncenter\" src=\"http:\/\/www.baloncestobenahavis.com\/wp-content\/uploads\/2017\/01\/bemove2.jpg\" alt=\"bemove2\" width=\"1284\" height=\"904\" srcset=\"https:\/\/www.baloncestobenahavis.com\/wp-content\/uploads\/2017\/01\/bemove2.jpg 1284w, https:\/\/www.baloncestobenahavis.com\/wp-content\/uploads\/2017\/01\/bemove2-300x211.jpg 300w, https:\/\/www.baloncestobenahavis.com\/wp-content\/uploads\/2017\/01\/bemove2-768x541.jpg 768w, https:\/\/www.baloncestobenahavis.com\/wp-content\/uploads\/2017\/01\/bemove2-1024x721.jpg 1024w\" sizes=\"(max-width: 1284px) 100vw, 1284px\" \/><\/p>\n<p>&nbsp;<\/p>\n<p><strong>Experiencia y filosof\u00eda de trabajo.<\/strong><\/p>\n<p>Diplomado en magisterio por educaci\u00f3n f\u00edsica y entrenador personal certificado por la National Strenght and Conditioning Association (n\u00ba 7247867835)<\/p>\n<p>Preparador f\u00edsico del Club baloncesto Benahav\u00eds Costa del Sol.<\/p>\n<p>M\u00e1s de 4 a\u00f1os de experiencia trabajando en un centro deportivo, haciendo las labores de entrenador personal.<\/p>\n<p>M\u00e1s de 80 clientes con los que he tenido la suerte de tratar sus objetivos, que son varios, desde la re-educaci\u00f3n postural, tratamiento de dolores y lesiones, pasando a la b\u00fasqueda de objetivos est\u00e9ticos y rendimiento.<\/p>\n<p>Mi filosof\u00eda de trabajo se basa en la evaluaci\u00f3n de la capacidad y calidad de movimiento, buscar eslabones d\u00e9biles que luego ser\u00e1n potenciados en la b\u00fasqueda de TU objetivo. Me baso en el entrenamiento de la fuerza, la principal capacidad f\u00edsica que con su mejora, mejora las dem\u00e1s capacidades (velocidad, resistencia, movilidad&#8230;) a trav\u00e9s de un proceso educativo que te ayudar\u00e1 a rendir mejor en tus actividades laborales y de tu vida diaria, proporcion\u00e1ndote salud y mayor calidad de vida.<\/p>\n<p>Cuentas con una cita totalmente GRATIS, d\u00f3nde encontraremos la situaci\u00f3n de partida y al objetivo al que quieres llegar. T\u00fa pones las ganas y el compromiso, yo me encargo de facilitarte el camino.<\/p>\n<p><strong><br \/>\nFormaci\u00f3n.<\/strong><\/p>\n<p>&#8211; Diplomado en Magisterio de Educaci\u00f3n F\u00edsica en Universidad de C\u00e1diz.<\/p>\n<p>&#8211; Entrenador Personal NSCA-CPT (Certified Personal Trainer) en Nsca Spain.<\/p>\n<p>&#8211; T\u00e9cnico Instructor en Fitness, Musculaci\u00f3n y Entrenador Personal en Movement + Wellness y FASS.<\/p>\n<p>&#8211; Movement Trainer Course &#8211; Certificaci\u00f3n en Entrenamiento Personal en empresa FIDIAS.<\/p>\n<p>&nbsp;<\/p>\n<h2 style=\"text-align: center;\"><strong>Curricullum Vitae.<\/strong><\/h2>\n<p><img loading=\"lazy\" decoding=\"async\" class=\"wp-image-3050 aligncenter\" src=\"http:\/\/www.baloncestobenahavis.com\/wp-content\/uploads\/2016\/06\/Curricullum-Vitae-Javier-Casado-Flores.jpg\" alt=\"Curricullum Vitae Javier Casado Flores\" width=\"800\" height=\"1133\" srcset=\"https:\/\/www.baloncestobenahavis.com\/wp-content\/uploads\/2016\/06\/Curricullum-Vitae-Javier-Casado-Flores.jpg 671w, https:\/\/www.baloncestobenahavis.com\/wp-content\/uploads\/2016\/06\/Curricullum-Vitae-Javier-Casado-Flores-212x300.jpg 212w\" sizes=\"(max-width: 800px) 100vw, 800px\" \/><\/p>\n<p><iframe style=\"border: none; overflow: hidden;\" src=\"https:\/\/www.facebook.com\/plugins\/post.php?href=https%3A%2F%2Fwww.facebook.com%2Fcasadoflores%2Fposts%2F10153943208399934&amp;width=500\" width=\"500\" height=\"712\" frameborder=\"0\" scrolling=\"no\"><\/iframe><\/p>\n<hr \/>\n<p><iframe style=\"border: none; overflow: hidden;\" src=\"https:\/\/www.facebook.com\/plugins\/post.php?href=https%3A%2F%2Fwww.facebook.com%2Fcasadoflores%2Fposts%2F10153931281024934&amp;width=500\" width=\"500\" height=\"787\" frameborder=\"0\" scrolling=\"no\"><\/iframe><\/p>\n<p><!--nextpage--><\/p>\n","protected":false},"excerpt":{"rendered":"<p>Entrenador Personal &#8211;\u00a0Reeducaci\u00f3n postural &#8211; Recuperaci\u00f3n de lesiones Aumento de rendimiento &#8211;\u00a0Aumento de masa muscular..<\/p>\n","protected":false},"author":2,"featured_media":0,"parent":0,"menu_order":0,"comment_status":"closed","ping_status":"closed","template":"","meta":{"footnotes":""},"class_list":["post-3041","page","type-page","status-publish","hentry"],"_links":{"self":[{"href":"https:\/\/www.baloncestobenahavis.com\/index.php?rest_route=\/wp\/v2\/pages\/3041","targetHints":{"allow":["GET"]}}],"collection":[{"href":"https:\/\/www.baloncestobenahavis.com\/index.php?rest_route=\/wp\/v2\/pages"}],"about":[{"href":"https:\/\/www.baloncestobenahavis.com\/index.php?rest_route=\/wp\/v2\/types\/page"}],"author":[{"embeddable":true,"href":"https:\/\/www.baloncestobenahavis.com\/index.php?rest_route=\/wp\/v2\/users\/2"}],"replies":[{"embeddable":true,"href":"https:\/\/www.baloncestobenahavis.com\/index.php?rest_route=%2Fwp%2Fv2%2Fcomments&post=3041"}],"version-history":[{"count":10,"href":"https:\/\/www.baloncestobenahavis.com\/index.php?rest_route=\/wp\/v2\/pages\/3041\/revisions"}],"predecessor-version":[{"id":3698,"href":"https:\/\/www.baloncestobenahavis.com\/index.php?rest_route=\/wp\/v2\/pages\/3041\/revisions\/3698"}],"wp:attachment":[{"href":"https:\/\/www.baloncestobenahavis.com\/index.php?rest_route=%2Fwp%2Fv2%2Fmedia&parent=3041"}],"curies":[{"name":"wp","href":"https:\/\/api.w.org\/{rel}","templated":true}]}}