{"id":2909,"date":"2016-05-24T12:40:55","date_gmt":"2016-05-24T10:40:55","guid":{"rendered":"http:\/\/www.baloncestobenahavis.com\/?page_id=2909"},"modified":"2016-05-25T13:34:07","modified_gmt":"2016-05-25T11:34:07","slug":"benahavis","status":"publish","type":"page","link":"https:\/\/www.baloncestobenahavis.com\/?page_id=2909","title":{"rendered":"BENAHAVIS"},"content":{"rendered":"<h3 style=\"text-align: center;\"><img decoding=\"async\" class=\"wp-image-2955 aligncenter\" src=\"http:\/\/www.baloncestobenahavis.com\/wp-content\/uploads\/2016\/05\/escudoBenahavisMod.png\" alt=\"escudoBenahavisMod\" width=\"198\" height=\"156\" \/> <a href=\"http:\/\/www.baloncestobenahavis.com\/wp-content\/uploads\/2016\/05\/34392413.jpg\"><img fetchpriority=\"high\" decoding=\"async\" class=\"aligncenter wp-image-2947 size-full\" src=\"http:\/\/www.baloncestobenahavis.com\/wp-content\/uploads\/2016\/05\/34392413.jpg\" alt=\"34392413\" width=\"840\" height=\"460\" srcset=\"https:\/\/www.baloncestobenahavis.com\/wp-content\/uploads\/2016\/05\/34392413.jpg 840w, https:\/\/www.baloncestobenahavis.com\/wp-content\/uploads\/2016\/05\/34392413-300x164.jpg 300w, https:\/\/www.baloncestobenahavis.com\/wp-content\/uploads\/2016\/05\/34392413-768x421.jpg 768w\" sizes=\"(max-width: 840px) 100vw, 840px\" \/><\/a><br \/>\n<strong>\u00bfC\u00f3mo llegar?<\/strong><\/h3>\n<p>Benahav\u00eds se encuentra en la zona interior de la comarca de la Costa del Sol Occidental, a poco m\u00e1s de 20 kil\u00f3metros de Marbella y Estepona, y a menos de 80 de la capital de la provincia de M\u00e1laga. Para llegar a este pueblo de la cornisa se puede conducir hasta San Pedro de Alc\u00e1ntara por la Autov\u00eda del Mediterr\u00e1neo (A-7), que discurre en paralelo a la l\u00ednea mar\u00edtima. En este punto aparece el desv\u00edo hacia la MA-547. Esta carretera desemboca en Benahav\u00eds.<\/p>\n<p><a href=\"http:\/\/www.baloncestobenahavis.com\/wp-content\/uploads\/2016\/05\/anu_20130710_29029.jpg_297805444.jpg\"><img decoding=\"async\" class=\"aligncenter wp-image-2949\" src=\"http:\/\/www.baloncestobenahavis.com\/wp-content\/uploads\/2016\/05\/anu_20130710_29029.jpg_297805444.jpg\" alt=\"anu_20130710_29029.jpg_297805444\" width=\"620\" height=\"439\" srcset=\"https:\/\/www.baloncestobenahavis.com\/wp-content\/uploads\/2016\/05\/anu_20130710_29029.jpg_297805444.jpg 448w, https:\/\/www.baloncestobenahavis.com\/wp-content\/uploads\/2016\/05\/anu_20130710_29029.jpg_297805444-300x212.jpg 300w\" sizes=\"(max-width: 620px) 100vw, 620px\" \/><\/a><\/p>\n<h3 style=\"text-align: center;\"><strong><br \/>\nVisitas destacadas<\/strong><\/h3>\n<p>Benahav\u00eds mezcla el tipismo de los tradicionales pueblos blancos de la provincia de M\u00e1laga con la modernidad de unas infraestructuras tur\u00edsticas propias del siglo XXI. El municipio re\u00fane una decena de campos de golf, diversos recursos para la pr\u00e1ctica de deportes de aventura en un hermoso entorno natural y una variada oferta gastron\u00f3mica.<\/p>\n<p>Benahav\u00eds se sit\u00faa en la zona interior de la comarca de la Costa del Sol Occidental, pero muy pr\u00f3ximo a la franja litoral ba\u00f1ada por el mar Mediterr\u00e1neo. El viajero podr\u00e1 pasear por las sinuosas calles del pueblo, descansar en sus recoletas plazas o visitar el Castillo de Montemayor y la iglesia de la Virgen del Rosario, sus principales monumentos.<\/p>\n<p><a href=\"http:\/\/www.baloncestobenahavis.com\/wp-content\/uploads\/2016\/05\/roundabout.jpg\"><img loading=\"lazy\" decoding=\"async\" class=\"aligncenter wp-image-2954 size-full\" src=\"http:\/\/www.baloncestobenahavis.com\/wp-content\/uploads\/2016\/05\/roundabout.jpg\" alt=\"roundabout\" width=\"800\" height=\"532\" srcset=\"https:\/\/www.baloncestobenahavis.com\/wp-content\/uploads\/2016\/05\/roundabout.jpg 800w, https:\/\/www.baloncestobenahavis.com\/wp-content\/uploads\/2016\/05\/roundabout-300x200.jpg 300w, https:\/\/www.baloncestobenahavis.com\/wp-content\/uploads\/2016\/05\/roundabout-768x511.jpg 768w\" sizes=\"(max-width: 800px) 100vw, 800px\" \/><\/a><\/p>\n<h3 style=\"text-align: center;\"><strong><br \/>\nCastillo de Montemayor<\/strong><\/h3>\n<p>El Castillo de Montemayor, del siglo X, conserva en buen estado parte de sus murallas. La Torre de la Reina es el enclave m\u00e1s notable de la fortaleza de Benahav\u00eds. En este espacio pueden distinguirse a\u00fan antiguos aposentos y un pozo. La fortificaci\u00f3n tuvo una gran relevancia durante las batallas entre los reinos de Taifas de Al-\u00c1ndalus debido a su valor estrat\u00e9gico. Desde su emplazamiento se divisan m\u00e1s de cien kil\u00f3metros de costa.<\/p>\n<p><a href=\"http:\/\/www.baloncestobenahavis.com\/wp-content\/uploads\/2016\/05\/benahavis.-castillo-y-paisaje_o.png\"><img loading=\"lazy\" decoding=\"async\" class=\"wp-image-2964 alignleft\" src=\"http:\/\/www.baloncestobenahavis.com\/wp-content\/uploads\/2016\/05\/benahavis.-castillo-y-paisaje_o.png\" alt=\"benahavis.-castillo-y-paisaje_o\" width=\"337\" height=\"190\" srcset=\"https:\/\/www.baloncestobenahavis.com\/wp-content\/uploads\/2016\/05\/benahavis.-castillo-y-paisaje_o.png 1280w, https:\/\/www.baloncestobenahavis.com\/wp-content\/uploads\/2016\/05\/benahavis.-castillo-y-paisaje_o-300x169.png 300w, https:\/\/www.baloncestobenahavis.com\/wp-content\/uploads\/2016\/05\/benahavis.-castillo-y-paisaje_o-768x432.png 768w, https:\/\/www.baloncestobenahavis.com\/wp-content\/uploads\/2016\/05\/benahavis.-castillo-y-paisaje_o-1024x576.png 1024w\" sizes=\"(max-width: 337px) 100vw, 337px\" \/><\/a> <a href=\"http:\/\/www.baloncestobenahavis.com\/wp-content\/uploads\/2016\/05\/castillo-de-montemayor_o.jpg\"><img loading=\"lazy\" decoding=\"async\" class=\"wp-image-2963 alignleft\" src=\"http:\/\/www.baloncestobenahavis.com\/wp-content\/uploads\/2016\/05\/castillo-de-montemayor_o.jpg\" alt=\"castillo-de-montemayor_o\" width=\"253\" height=\"190\" srcset=\"https:\/\/www.baloncestobenahavis.com\/wp-content\/uploads\/2016\/05\/castillo-de-montemayor_o.jpg 399w, https:\/\/www.baloncestobenahavis.com\/wp-content\/uploads\/2016\/05\/castillo-de-montemayor_o-300x226.jpg 300w\" sizes=\"(max-width: 253px) 100vw, 253px\" \/><\/a> <a href=\"http:\/\/www.baloncestobenahavis.com\/wp-content\/uploads\/2016\/05\/castillo-de-montemayor_o-2.jpg\"><img loading=\"lazy\" decoding=\"async\" class=\"wp-image-2962 alignleft\" src=\"http:\/\/www.baloncestobenahavis.com\/wp-content\/uploads\/2016\/05\/castillo-de-montemayor_o-2.jpg\" alt=\"castillo-de-montemayor_o (2)\" width=\"296\" height=\"222\" srcset=\"https:\/\/www.baloncestobenahavis.com\/wp-content\/uploads\/2016\/05\/castillo-de-montemayor_o-2.jpg 399w, https:\/\/www.baloncestobenahavis.com\/wp-content\/uploads\/2016\/05\/castillo-de-montemayor_o-2-300x226.jpg 300w\" sizes=\"(max-width: 296px) 100vw, 296px\" \/><\/a><\/p>\n<p>&nbsp;<\/p>\n<p>&nbsp;<\/p>\n<p>&nbsp;<\/p>\n<p>&nbsp;<\/p>\n<p>&nbsp;<\/p>\n<p>&nbsp;<\/p>\n<p><a href=\"http:\/\/www.baloncestobenahavis.com\/wp-content\/uploads\/2016\/05\/castillo-de-montemayor_o-1.jpg\"><img loading=\"lazy\" decoding=\"async\" class=\"wp-image-2961 aligncenter\" src=\"http:\/\/www.baloncestobenahavis.com\/wp-content\/uploads\/2016\/05\/castillo-de-montemayor_o-1.jpg\" alt=\"castillo-de-montemayor_o (1)\" width=\"292\" height=\"219\" srcset=\"https:\/\/www.baloncestobenahavis.com\/wp-content\/uploads\/2016\/05\/castillo-de-montemayor_o-1.jpg 399w, https:\/\/www.baloncestobenahavis.com\/wp-content\/uploads\/2016\/05\/castillo-de-montemayor_o-1-300x226.jpg 300w\" sizes=\"(max-width: 292px) 100vw, 292px\" \/><\/a><\/p>\n<h3 style=\"text-align: center;\"><strong><br \/>\nTorres vig\u00edas<\/strong><\/h3>\n<p>El viajero se topar\u00e1 durante su recorrido por Benahav\u00eds con varias torres vig\u00edas erigidas en la \u00e9poca musulmana. Estas construcciones formaban un completo sistema defensivo ideado por los \u00e1rabes. Las m\u00e1s representativas son las torres de Alcuzcuz, Tramores, Daid\u00edn y Leonera. Esta \u00faltima era la puerta de entrada al valle del r\u00edo Guadalmina.<\/p>\n<p><a href=\"http:\/\/www.baloncestobenahavis.com\/wp-content\/uploads\/2016\/05\/torre-de-la-leonera-1-benahavis-438x246.jpg\"><img loading=\"lazy\" decoding=\"async\" class=\"aligncenter wp-image-2973\" src=\"http:\/\/www.baloncestobenahavis.com\/wp-content\/uploads\/2016\/05\/torre-de-la-leonera-1-benahavis-438x246.jpg\" alt=\"torre-de-la-leonera-1-benahavis-438x246\" width=\"650\" height=\"365\" srcset=\"https:\/\/www.baloncestobenahavis.com\/wp-content\/uploads\/2016\/05\/torre-de-la-leonera-1-benahavis-438x246.jpg 438w, https:\/\/www.baloncestobenahavis.com\/wp-content\/uploads\/2016\/05\/torre-de-la-leonera-1-benahavis-438x246-300x168.jpg 300w\" sizes=\"(max-width: 650px) 100vw, 650px\" \/><\/a><\/p>\n<h3 style=\"text-align: center;\"><strong><br \/>\nIglesia de la Virgen del Rosario<\/strong><\/h3>\n<p>La iglesia de la Virgen del Rosario de Benahav\u00eds data del siglo XVIII, aunque fue sometida a numerosas reformas a lo largo del tiempo. El templo actual es un sencillo inmueble de estilo moderno que consta de una sola nave. Tiene capacidad para unas trescientas personas sentadas, varios salones parroquiales y una casa para el sacerdote.<\/p>\n<p><a href=\"http:\/\/www.baloncestobenahavis.com\/wp-content\/uploads\/2016\/05\/benahavis-Malaga-Virgen-del-Rosario.jpg\"><img loading=\"lazy\" decoding=\"async\" class=\"aligncenter wp-image-2974 size-full\" src=\"http:\/\/www.baloncestobenahavis.com\/wp-content\/uploads\/2016\/05\/benahavis-Malaga-Virgen-del-Rosario.jpg\" alt=\"benahavis-Malaga-Virgen-del-Rosario\" width=\"550\" height=\"293\" srcset=\"https:\/\/www.baloncestobenahavis.com\/wp-content\/uploads\/2016\/05\/benahavis-Malaga-Virgen-del-Rosario.jpg 550w, https:\/\/www.baloncestobenahavis.com\/wp-content\/uploads\/2016\/05\/benahavis-Malaga-Virgen-del-Rosario-300x160.jpg 300w\" sizes=\"(max-width: 550px) 100vw, 550px\" \/><\/a><br \/>\n<a href=\"http:\/\/www.baloncestobenahavis.com\/wp-content\/uploads\/2016\/05\/Pueblos-andalucesBenahavisFiestas-5.jpg\"><img loading=\"lazy\" decoding=\"async\" class=\"aligncenter wp-image-2975 size-full\" src=\"http:\/\/www.baloncestobenahavis.com\/wp-content\/uploads\/2016\/05\/Pueblos-andalucesBenahavisFiestas-5.jpg\" alt=\"Pueblos-andalucesBenahavisFiestas (5)\" width=\"350\" height=\"466\" srcset=\"https:\/\/www.baloncestobenahavis.com\/wp-content\/uploads\/2016\/05\/Pueblos-andalucesBenahavisFiestas-5.jpg 350w, https:\/\/www.baloncestobenahavis.com\/wp-content\/uploads\/2016\/05\/Pueblos-andalucesBenahavisFiestas-5-225x300.jpg 225w\" sizes=\"(max-width: 350px) 100vw, 350px\" \/><\/a><\/p>\n<h3 style=\"text-align: center;\"><strong><br \/>\nPalacio de Benahav\u00eds<\/strong><\/h3>\n<p>El Palacio de Benahav\u00eds fue levantado en el siglo XVI siguiendo los c\u00e1nones de la arquitectura nazar\u00ed. Posee un patio interior fortificado y una torre cuadrada adosada a un cuerpo rectangular. La oscuridad de sus muros de piedra contrasta con la blancura de los marcos que rodean las ventanas. El edificio alberga las dependencias del ayuntamiento.<\/p>\n<p><a href=\"http:\/\/www.baloncestobenahavis.com\/wp-content\/uploads\/2016\/05\/arc_197156_m.png\"><img loading=\"lazy\" decoding=\"async\" class=\"aligncenter wp-image-2976 size-full\" src=\"http:\/\/www.baloncestobenahavis.com\/wp-content\/uploads\/2016\/05\/arc_197156_m.png\" alt=\"arc_197156_m\" width=\"480\" height=\"270\" srcset=\"https:\/\/www.baloncestobenahavis.com\/wp-content\/uploads\/2016\/05\/arc_197156_m.png 480w, https:\/\/www.baloncestobenahavis.com\/wp-content\/uploads\/2016\/05\/arc_197156_m-300x169.png 300w\" sizes=\"(max-width: 480px) 100vw, 480px\" \/><\/a><\/p>\n<h3 style=\"text-align: center;\"><strong><br \/>\nCampos de golf y centro h\u00edpico<\/strong><\/h3>\n<p><a href=\"http:\/\/www.baloncestobenahavis.com\/wp-content\/uploads\/2016\/05\/Golf__Pool1.jpg\"><img loading=\"lazy\" decoding=\"async\" class=\"aligncenter wp-image-2952\" src=\"http:\/\/www.baloncestobenahavis.com\/wp-content\/uploads\/2016\/05\/Golf__Pool1.jpg\" alt=\"Golf__Pool1\" width=\"1041\" height=\"366\" srcset=\"https:\/\/www.baloncestobenahavis.com\/wp-content\/uploads\/2016\/05\/Golf__Pool1.jpg 1670w, https:\/\/www.baloncestobenahavis.com\/wp-content\/uploads\/2016\/05\/Golf__Pool1-300x105.jpg 300w, https:\/\/www.baloncestobenahavis.com\/wp-content\/uploads\/2016\/05\/Golf__Pool1-768x270.jpg 768w, https:\/\/www.baloncestobenahavis.com\/wp-content\/uploads\/2016\/05\/Golf__Pool1-1024x360.jpg 1024w\" sizes=\"(max-width: 1041px) 100vw, 1041px\" \/><\/a><\/p>\n<p><a href=\"http:\/\/www.baloncestobenahavis.com\/wp-content\/uploads\/2016\/05\/2-La-Zagaleta-Benahavis.jpg\"><img loading=\"lazy\" decoding=\"async\" class=\"aligncenter wp-image-2977\" src=\"http:\/\/www.baloncestobenahavis.com\/wp-content\/uploads\/2016\/05\/2-La-Zagaleta-Benahavis.jpg\" alt=\"2-La-Zagaleta-Benahavis\" width=\"633\" height=\"475\" srcset=\"https:\/\/www.baloncestobenahavis.com\/wp-content\/uploads\/2016\/05\/2-La-Zagaleta-Benahavis.jpg 570w, https:\/\/www.baloncestobenahavis.com\/wp-content\/uploads\/2016\/05\/2-La-Zagaleta-Benahavis-300x225.jpg 300w\" sizes=\"(max-width: 633px) 100vw, 633px\" \/><\/a><\/p>\n<p>Benahav\u00eds es un destino de referencia en la Costa del Golf, al contar con un total de diez campos de 9, 18 y 27 hoyos. Dos de estas instalaciones forman parte de un selecto club que incluye una reserva de caza. El municipio dispone adem\u00e1s de un club h\u00edpico con dos pistas y unas completas infraestructuras para acoger concursos y competiciones ecuestres.<\/p>\n<h3 style=\"text-align: center;\"><strong><br \/>\nAtractivos naturales<\/strong><\/h3>\n<p><a href=\"http:\/\/www.baloncestobenahavis.com\/wp-content\/uploads\/2016\/05\/arc_197057_g.jpg\"><img loading=\"lazy\" decoding=\"async\" class=\"aligncenter wp-image-2950\" src=\"http:\/\/www.baloncestobenahavis.com\/wp-content\/uploads\/2016\/05\/arc_197057_g.jpg\" alt=\"arc_197057_g\" width=\"567\" height=\"426\" srcset=\"https:\/\/www.baloncestobenahavis.com\/wp-content\/uploads\/2016\/05\/arc_197057_g.jpg 800w, https:\/\/www.baloncestobenahavis.com\/wp-content\/uploads\/2016\/05\/arc_197057_g-300x225.jpg 300w, https:\/\/www.baloncestobenahavis.com\/wp-content\/uploads\/2016\/05\/arc_197057_g-768x576.jpg 768w\" sizes=\"(max-width: 567px) 100vw, 567px\" \/><\/a><br \/>\n<a href=\"http:\/\/www.baloncestobenahavis.com\/wp-content\/uploads\/2016\/05\/Imagen4-620x465.jpg\"><img loading=\"lazy\" decoding=\"async\" class=\"aligncenter wp-image-2953\" src=\"http:\/\/www.baloncestobenahavis.com\/wp-content\/uploads\/2016\/05\/Imagen4-620x465.jpg\" alt=\"Imagen4-620x465\" width=\"561\" height=\"421\" srcset=\"https:\/\/www.baloncestobenahavis.com\/wp-content\/uploads\/2016\/05\/Imagen4-620x465.jpg 620w, https:\/\/www.baloncestobenahavis.com\/wp-content\/uploads\/2016\/05\/Imagen4-620x465-300x225.jpg 300w\" sizes=\"(max-width: 561px) 100vw, 561px\" \/><\/a><br \/>\nBenahav\u00eds goza de un privilegiado emplazamiento al enclavarse entre las estribaciones de la Serran\u00eda de Ronda y los municipios de Marbella y Estepona. Los r\u00edos Guadalmina, Guadalmansa y Guadaiza surcan este territorio poblado por grandes masas de encinas, pinos y alcornoques. Desde sus montes se divisa hasta cien kil\u00f3metros de costa espa\u00f1ola y la franja litoral africana. Esta diversidad paisaj\u00edstica hace de Benahav\u00eds un lugar ideal para practicar senderismo y actividades recreativas en plena naturaleza.<\/p>\n<p>El Cerro del Duque, el coto de la Zagaleta, el paraje de las M\u00e1quinas y el valle del Guadalmansa son algunos de los enclaves de mayor inter\u00e9s por su gran riqueza de flora y fauna. El viajero tambi\u00e9n podr\u00e1 visitar la cueva del Puerto Capuchino y el embalse de la Leche o acercarse hasta la Charca de las Mozas y las angosturas del r\u00edo Guadalmina. Esta zona es frecuentada por aficionados a deportes de aventura como el barranquismo o el descenso de ca\u00f1ones.<\/p>\n<h3 style=\"text-align: center;\"><strong><br \/>\nFiestas<\/strong><\/h3>\n<p>La Feria de Benahav\u00eds se celebra a mediados de agosto y tiene una duraci\u00f3n de cinco d\u00edas. Una tradicional cabalgata, la iluminaci\u00f3n del recinto ferial y un preg\u00f3n a cargo de un personaje popular dan el pistoletazo de salida a la fiesta. Su programa de actos incluye la procesi\u00f3n de la Virgen del Rosario por las calles del pueblo. La patrona de Benahav\u00eds es tambi\u00e9n la protagonista de la romer\u00eda que tiene lugar en el mes de octubre.<\/p>\n<p><a href=\"http:\/\/www.baloncestobenahavis.com\/wp-content\/uploads\/2016\/05\/1339436049feria_dag.jpg\"><img loading=\"lazy\" decoding=\"async\" class=\"aligncenter wp-image-2978 size-full\" src=\"http:\/\/www.baloncestobenahavis.com\/wp-content\/uploads\/2016\/05\/1339436049feria_dag.jpg\" alt=\"1339436049feria_dag\" width=\"800\" height=\"476\" srcset=\"https:\/\/www.baloncestobenahavis.com\/wp-content\/uploads\/2016\/05\/1339436049feria_dag.jpg 800w, https:\/\/www.baloncestobenahavis.com\/wp-content\/uploads\/2016\/05\/1339436049feria_dag-300x179.jpg 300w, https:\/\/www.baloncestobenahavis.com\/wp-content\/uploads\/2016\/05\/1339436049feria_dag-768x457.jpg 768w\" sizes=\"(max-width: 800px) 100vw, 800px\" \/><\/a><\/p>\n<p>En Semana Santa es costumbre nombrar entre los lugare\u00f1os a dos mayordomos y dos mayordomas que se dedican a pedir y a \u201crobar\u201d productos de los huertos. El S\u00e1bado Santo se organiza una cena con los alimentos \u201csustra\u00eddos\u201d a la que est\u00e1n invitados todos los habitantes de Benahav\u00eds. Los mayordomos son los encargados de elaborar el banquete, con la colaboraci\u00f3n de otros vecinos y de algunos restaurantes.<\/p>\n<p><a href=\"http:\/\/www.baloncestobenahavis.com\/wp-content\/uploads\/2016\/05\/12326331.jpg\"><img loading=\"lazy\" decoding=\"async\" class=\"aligncenter wp-image-2980\" src=\"http:\/\/www.baloncestobenahavis.com\/wp-content\/uploads\/2016\/05\/12326331.jpg\" alt=\"12326331\" width=\"531\" height=\"379\" \/><\/a><\/p>\n<p>Esa misma tarde se prepara el Huerto del Ni\u00f1o, con una caba\u00f1a en la que se deposita una talla del peque\u00f1o Jes\u00fas. A su lado se instala un eucalipto tra\u00eddo por los mozos desde el paraje de Capanes. Del \u00e1rbol se cuelga un mu\u00f1eco en representaci\u00f3n de Judas. Los momentos m\u00e1s emotivos de la fiesta son el encuentro de Nuestra Se\u00f1ora del Rosario con su Hijo y la posterior procesi\u00f3n de ambas im\u00e1genes el Domingo de Resurrecci\u00f3n.<\/p>\n<h3 style=\"text-align: center;\"><strong><br \/>\nGastronom\u00eda<\/strong><\/h3>\n<p><a href=\"http:\/\/www.baloncestobenahavis.com\/wp-content\/uploads\/2016\/05\/abanicos.jpg\"><img loading=\"lazy\" decoding=\"async\" class=\"aligncenter wp-image-2948 size-full\" src=\"http:\/\/www.baloncestobenahavis.com\/wp-content\/uploads\/2016\/05\/abanicos.jpg\" alt=\"abanicos\" width=\"803\" height=\"602\" srcset=\"https:\/\/www.baloncestobenahavis.com\/wp-content\/uploads\/2016\/05\/abanicos.jpg 803w, https:\/\/www.baloncestobenahavis.com\/wp-content\/uploads\/2016\/05\/abanicos-300x225.jpg 300w, https:\/\/www.baloncestobenahavis.com\/wp-content\/uploads\/2016\/05\/abanicos-768x576.jpg 768w\" sizes=\"(max-width: 803px) 100vw, 803px\" \/><\/a><\/p>\n<p>Benahav\u00eds aglutina las cualidades gastron\u00f3micas de un pueblo de monta\u00f1a cercano a la costa. Los guisos de conejo y perdiz, los chorizos al agua, el cochinillo y el cordero son algunos de los platos t\u00edpicos de esta localidad, donde tambi\u00e9n se puede degustar una sabrosa zarzuela de pescado y marisco. Estas especialidades son servidas en la mayor\u00eda de los restaurantes del municipio, conocidos en toda la provincia de M\u00e1laga por la calidad de su oferta culinaria.<\/p>\n<h3 style=\"text-align: center;\"><strong><br \/>\nOtros datos de inter\u00e9s<\/strong><\/h3>\n<p>El municipio de Benahav\u00eds tiene una superficie de 145,8 kil\u00f3metros cuadrados y cuenta con cerca de seis mil habitantes. Sus vecinos reciben el gentilicio de benahavile\u00f1os.<\/p>\n<h3 style=\"text-align: center;\"><strong><br \/>\nHistoria<\/strong><\/h3>\n<p><img loading=\"lazy\" decoding=\"async\" class=\"size-full wp-image-2981 aligncenter\" src=\"http:\/\/www.baloncestobenahavis.com\/wp-content\/uploads\/2016\/05\/Escudo_de_Benahav\u00eds.jpeg\" alt=\"Escudo_de_Benahav\u00eds\" width=\"102\" height=\"188\" \/><\/p>\n<p>Los musulmanes fundaron el primer n\u00facleo urbano estable de Benahav\u00eds a finales del siglo XI al amparo del Castillo de Montemayor. El recinto fortificado hab\u00eda sido erigido una centuria antes. El nombre de la localidad deriva de la voz \u00e1rabe \u2018Ben\u2019 (hijo) y del nombre de Havis, un destacado mandatario que se asent\u00f3 en la fortaleza. A su hijo se le atribuye la construcci\u00f3n de las torres vig\u00edas para la defensa del r\u00edo Guadalmina.<\/p>\n<p><a href=\"http:\/\/www.baloncestobenahavis.com\/wp-content\/uploads\/2016\/05\/DSC_2525.jpg\"><img loading=\"lazy\" decoding=\"async\" class=\"aligncenter wp-image-2984\" src=\"http:\/\/www.baloncestobenahavis.com\/wp-content\/uploads\/2016\/05\/DSC_2525.jpg\" alt=\"DSC_2525\" width=\"763\" height=\"429\" srcset=\"https:\/\/www.baloncestobenahavis.com\/wp-content\/uploads\/2016\/05\/DSC_2525.jpg 1600w, https:\/\/www.baloncestobenahavis.com\/wp-content\/uploads\/2016\/05\/DSC_2525-300x169.jpg 300w, https:\/\/www.baloncestobenahavis.com\/wp-content\/uploads\/2016\/05\/DSC_2525-768x432.jpg 768w, https:\/\/www.baloncestobenahavis.com\/wp-content\/uploads\/2016\/05\/DSC_2525-1024x576.jpg 1024w\" sizes=\"(max-width: 763px) 100vw, 763px\" \/><\/a><\/p>\n<p>Otros historiadores aseguran que la denominaci\u00f3n de Benahav\u00eds procede de la expresi\u00f3n Ben Habix (hijos del abisinio), por haberse establecido en estos contornos un cad\u00ed de aquella nacionalidad. Su castillo jug\u00f3 un destacado papel durante las batallas entre los reinos de Taifas hasta que las tropas castellanas conquistaron estas tierras.<\/p>\n<p><a href=\"http:\/\/www.baloncestobenahavis.com\/wp-content\/uploads\/2016\/05\/reyes_catolicos-300x300.gif\"><img loading=\"lazy\" decoding=\"async\" class=\"alignleft wp-image-2983\" src=\"http:\/\/www.baloncestobenahavis.com\/wp-content\/uploads\/2016\/05\/reyes_catolicos-300x300.gif\" alt=\"reyes_catolicos-300x300\" width=\"350\" height=\"350\" \/><\/a><a href=\"http:\/\/www.baloncestobenahavis.com\/wp-content\/uploads\/2016\/05\/Cifuentes.gif\"><img loading=\"lazy\" decoding=\"async\" class=\"alignleft wp-image-2982 size-full\" src=\"http:\/\/www.baloncestobenahavis.com\/wp-content\/uploads\/2016\/05\/Cifuentes.gif\" alt=\"Cifuentes\" width=\"223\" height=\"350\" \/><\/a><\/p>\n<p>&nbsp;<\/p>\n<p>&nbsp;<\/p>\n<p>&nbsp;<\/p>\n<p>&nbsp;<\/p>\n<p>&nbsp;<\/p>\n<p>&nbsp;<\/p>\n<p>&nbsp;<\/p>\n<p>&nbsp;<\/p>\n<p>&nbsp;<\/p>\n<p>&nbsp;<\/p>\n<p>El pueblo pas\u00f3 a manos de los cristianos cuando en 1485 los Reyes Cat\u00f3licos tomaron Marbella y sus alrededores. Todo este territorio le fue entregado al Conde de Cifuentes en pago a los servicios prestados a la Corona de Castilla. En el a\u00f1o 1572, Benahav\u00eds logr\u00f3 independizarse definitivamente de Marbella.<\/p>\n<p>&nbsp;<\/p>\n","protected":false},"excerpt":{"rendered":"<p>\u00bfC\u00f3mo llegar? Benahav\u00eds se encuentra en la zona interior de la comarca de la Costa..<\/p>\n","protected":false},"author":2,"featured_media":0,"parent":0,"menu_order":0,"comment_status":"closed","ping_status":"closed","template":"","meta":{"footnotes":""},"class_list":["post-2909","page","type-page","status-publish","hentry"],"_links":{"self":[{"href":"https:\/\/www.baloncestobenahavis.com\/index.php?rest_route=\/wp\/v2\/pages\/2909","targetHints":{"allow":["GET"]}}],"collection":[{"href":"https:\/\/www.baloncestobenahavis.com\/index.php?rest_route=\/wp\/v2\/pages"}],"about":[{"href":"https:\/\/www.baloncestobenahavis.com\/index.php?rest_route=\/wp\/v2\/types\/page"}],"author":[{"embeddable":true,"href":"https:\/\/www.baloncestobenahavis.com\/index.php?rest_route=\/wp\/v2\/users\/2"}],"replies":[{"embeddable":true,"href":"https:\/\/www.baloncestobenahavis.com\/index.php?rest_route=%2Fwp%2Fv2%2Fcomments&post=2909"}],"version-history":[{"count":28,"href":"https:\/\/www.baloncestobenahavis.com\/index.php?rest_route=\/wp\/v2\/pages\/2909\/revisions"}],"predecessor-version":[{"id":2993,"href":"https:\/\/www.baloncestobenahavis.com\/index.php?rest_route=\/wp\/v2\/pages\/2909\/revisions\/2993"}],"wp:attachment":[{"href":"https:\/\/www.baloncestobenahavis.com\/index.php?rest_route=%2Fwp%2Fv2%2Fmedia&parent=2909"}],"curies":[{"name":"wp","href":"https:\/\/api.w.org\/{rel}","templated":true}]}}