{"id":2429,"date":"2016-01-15T13:39:46","date_gmt":"2016-01-15T12:39:46","guid":{"rendered":"http:\/\/www.baloncestobenahavis.com\/?page_id=2429"},"modified":"2016-01-15T13:39:46","modified_gmt":"2016-01-15T12:39:46","slug":"politica-de-privacidad","status":"publish","type":"page","link":"https:\/\/www.baloncestobenahavis.com\/?page_id=2429","title":{"rendered":"Pol\u00edtica de Privacidad"},"content":{"rendered":"<p>El acceso a esta p\u00e1gina web te atribuye la condici\u00f3n de \u201cUsuario\u201d, implicando su aceptaci\u00f3n expresa y sin reservas de las condiciones generales que est\u00e9n publicadas en www.baloncestobenahavis.com, en el momento en que accedas a la web. Por lo tanto, deber\u00e1s leer las presentes condiciones generales, en cada una de las ocasiones en que te propongas acceder y en su caso utilizar los servicios prestados a trav\u00e9s de esta web, ya que \u00e9stas pueden sufrir modificaciones.<\/p>\n<p>En este sentido, se entender\u00e1 por \u201cUsuario\u201d a la persona que acceda, navegue, utilice o participe en los servicios y actividades, gratuitas u onerosas, desarrolladas en www.baloncestobenahavis.com.<\/p>\n<p>\u00bb Objeto y \u00e1mbito de aplicaci\u00f3n. Las presentes condiciones generales, regulan el acceso, navegaci\u00f3n y uso de www.baloncestobenahavis.com as\u00ed como las responsabilidades derivadas de la utilizaci\u00f3n de sus contenidos tales como los textos, gr\u00e1ficos, dibujos, dise\u00f1os, c\u00f3digos, software, fotograf\u00edas, m\u00fasica, v\u00eddeos, sonidos, bases de datos, im\u00e1genes, expresiones e informaciones, as\u00ed como cualquier otra creaci\u00f3n protegida por las leyes nacionales y los tratados internacionales sobre propiedad intelectual e industrial. CB BENAHAVIS COSTA DEL SOL podr\u00e1 establecer condiciones particulares que ser\u00e1n de aplicaci\u00f3n para el uso y\/o contrataci\u00f3n de servicios espec\u00edficos siendo las presentes condiciones generales de aplicaci\u00f3n supletoria.<\/p>\n<p>\u00bb Condiciones acceso y utilizaci\u00f3n de los servicios. a) El acceso a www.baloncestobenahavis.com en principio tiene car\u00e1cter libre y gratuito. No obstante, algunos de los servicios y contenidos, pueden encontrarse sujetos a la contrataci\u00f3n previa del servicio o producto, siendo de aplicaci\u00f3n en esos casos, las condiciones particulares creadas al efecto que CB BENAHAVIS COSTA DEL SOL pondr\u00e1 a su disposici\u00f3n previamente a la contrataci\u00f3n.<\/p>\n<p>b) Los menores que pretendan hacer uso de los servicios contenidos en este sitio web deber\u00e1n contar con el consentimiento previo de sus padres, tutores o representantes legales, siendo \u00e9stos los \u00fanicos responsables de los actos realizados por los menores a su cargo.<\/p>\n<p>c) En todo momento, el Usuario debe realizar un uso l\u00edcito de los servicios de la presente web, de acuerdo con las presentes condiciones generales, la legalidad vigente, la moral y el orden p\u00fablico as\u00ed como las pr\u00e1cticas generalmente aceptadas en Internet.<\/p>\n<p>d) El Usuario garantiza que toda la informaci\u00f3n aportada a trav\u00e9s de los formularios de suscripci\u00f3n incluidos en esta web es l\u00edcita, real, exacta, veraz y actualizada. Ser\u00e1 exclusiva responsabilidad del Usuario la comunicaci\u00f3n inmediata a CB BENAHAVIS COSTA DEL SOL de cualquier modificaci\u00f3n que pueda darse en la informaci\u00f3n suministrada.<\/p>\n<p>e) Si para la utilizaci\u00f3n y\/o contrataci\u00f3n de un servicio en www.baloncestobenahavis.com, el Usuario debiera proceder a su registro, \u00e9ste ser\u00e1 responsable de aportar informaci\u00f3n veraz y l\u00edcita. Si como consecuencia del registro, se dotara al Usuario de una contrase\u00f1a, \u00e9ste se compromete a hacer un uso diligente y a mantener en secreto la contrase\u00f1a para acceder a estos servicios. En consecuencia, los Usuarios son responsables de la adecuada custodia y confidencialidad de cualesquiera identificadores y\/o contrase\u00f1as que le sean suministradas y se comprometen a no ceder su uso a terceros, ya sea temporal o permanente, ni a permitir su acceso a personas ajenas. Ser\u00e1 responsabilidad del Usuario la utilizaci\u00f3n il\u00edcita de los servicios por cualquier tercero ileg\u00edtimo que emplee a tal efecto una contrase\u00f1a a causa de una utilizaci\u00f3n no diligente o de la p\u00e9rdida de la misma por el Usuario. En supuestos de robo, extrav\u00edo o acceso no autorizado a sus contrase\u00f1as, el Usuario ser\u00e1 el responsable de su notificaci\u00f3n inmediata a CB BENAHAVIS COSTA DEL SOL con el fin de proceder a su cancelaci\u00f3n. CB BENAHAVIS COSTA DEL SOL en ning\u00fan caso ser\u00e1 responsable de las acciones realizadas por terceros no autorizados mientras no se produzca la notificaci\u00f3n mencionada por parte de Usuario.<\/p>\n","protected":false},"excerpt":{"rendered":"<p>El acceso a esta p\u00e1gina web te atribuye la condici\u00f3n de \u201cUsuario\u201d, implicando su aceptaci\u00f3n..<\/p>\n","protected":false},"author":2,"featured_media":0,"parent":0,"menu_order":0,"comment_status":"closed","ping_status":"closed","template":"","meta":{"footnotes":""},"class_list":["post-2429","page","type-page","status-publish","hentry"],"_links":{"self":[{"href":"https:\/\/www.baloncestobenahavis.com\/index.php?rest_route=\/wp\/v2\/pages\/2429","targetHints":{"allow":["GET"]}}],"collection":[{"href":"https:\/\/www.baloncestobenahavis.com\/index.php?rest_route=\/wp\/v2\/pages"}],"about":[{"href":"https:\/\/www.baloncestobenahavis.com\/index.php?rest_route=\/wp\/v2\/types\/page"}],"author":[{"embeddable":true,"href":"https:\/\/www.baloncestobenahavis.com\/index.php?rest_route=\/wp\/v2\/users\/2"}],"replies":[{"embeddable":true,"href":"https:\/\/www.baloncestobenahavis.com\/index.php?rest_route=%2Fwp%2Fv2%2Fcomments&post=2429"}],"version-history":[{"count":1,"href":"https:\/\/www.baloncestobenahavis.com\/index.php?rest_route=\/wp\/v2\/pages\/2429\/revisions"}],"predecessor-version":[{"id":2430,"href":"https:\/\/www.baloncestobenahavis.com\/index.php?rest_route=\/wp\/v2\/pages\/2429\/revisions\/2430"}],"wp:attachment":[{"href":"https:\/\/www.baloncestobenahavis.com\/index.php?rest_route=%2Fwp%2Fv2%2Fmedia&parent=2429"}],"curies":[{"name":"wp","href":"https:\/\/api.w.org\/{rel}","templated":true}]}}