{"id":234,"date":"2013-08-12T15:55:32","date_gmt":"2013-08-12T15:55:32","guid":{"rendered":"http:\/\/www.baloncestobenahavis.com\/?page_id=234"},"modified":"2025-02-12T13:22:36","modified_gmt":"2025-02-12T12:22:36","slug":"sp-201314-competiciones","status":"publish","type":"page","link":"https:\/\/www.baloncestobenahavis.com\/?page_id=234","title":{"rendered":"SM PROVINCIAL 2024\/25 COMPETICIONES"},"content":{"rendered":"\n<figure class=\"wp-block-image size-large\"><a href=\"https:\/\/www.baloncestobenahavis.com\/wp-content\/uploads\/2024\/09\/Cabecera-Competiciones-EBA-2024_25.jpg\"><img fetchpriority=\"high\" decoding=\"async\" width=\"1024\" height=\"246\" src=\"https:\/\/www.baloncestobenahavis.com\/wp-content\/uploads\/2024\/09\/Cabecera-Competiciones-EBA-2024_25-1024x246.jpg\" alt=\"\" class=\"wp-image-12828\" srcset=\"https:\/\/www.baloncestobenahavis.com\/wp-content\/uploads\/2024\/09\/Cabecera-Competiciones-EBA-2024_25-1024x246.jpg 1024w, https:\/\/www.baloncestobenahavis.com\/wp-content\/uploads\/2024\/09\/Cabecera-Competiciones-EBA-2024_25-300x72.jpg 300w, https:\/\/www.baloncestobenahavis.com\/wp-content\/uploads\/2024\/09\/Cabecera-Competiciones-EBA-2024_25-768x184.jpg 768w, https:\/\/www.baloncestobenahavis.com\/wp-content\/uploads\/2024\/09\/Cabecera-Competiciones-EBA-2024_25-1536x369.jpg 1536w, https:\/\/www.baloncestobenahavis.com\/wp-content\/uploads\/2024\/09\/Cabecera-Competiciones-EBA-2024_25.jpg 1919w\" sizes=\"(max-width: 1024px) 100vw, 1024px\" \/><\/a><\/figure>\n\n\n\n<h4 class=\"wp-block-heading\">\u00c1MBITO &gt;&gt; <span style=\"color: #ff0000;\"><strong>PROVINCIA DE M\u00c1LAGA<\/strong><\/span><\/h4>\n\n\n\n<p><strong><span style=\"text-decoration: underline;\">EQUIPOS PARTICIPANTES Grupo A.-<\/span>&nbsp;<\/strong><\/p>\n\n\n\n<p>CB Novaschool Rinc\u00f3n de la Victoria<br>CB El Palo<br>Unicaja Andaluc\u00eda 09-10<br>C\u00edvitas Puerto Ban\u00fas CBSP<br>CB Benahav\u00eds Costa del Sol<br>I Love Pizza CD Puerta Oscura<br>EBG M\u00e1laga<br>CP Mijas Montero&amp;Rider Baloncesto<br>CB Andersen<br>Mijas Uni\u00f3n Basket<br>CB Alhaur\u00edn El Grande<\/p>\n\n\n\n<p>La <strong>Federaci\u00f3n Andaluza de Baloncesto<\/strong>, <strong>F.A.B. M\u00e1laga<\/strong>, ha realizado mediante sorteo telem\u00e1tico con la presencia de los delegados de todos los equipos participantes, la distribuci\u00f3n de equipos para los dos grupos A y B, de la categor\u00eda Senior Provincial Masculina, que conformar\u00e1 los calendarios para esta Temporada 24-25.<\/p>\n\n\n\n<p>La competici\u00f3n dar\u00e1 comienzo el 5 de octubre 2024, con dos grupos, A y B con 11 equipos cada uno de la provincia de M\u00e1laga.<\/p>\n\n\n\n<p>La Liga Regular finalizar\u00e1 el 26 de abril de 2025.<br><br><strong>PLAYOFFS T\u00cdTULO.-<\/strong><\/p>\n\n\n\n<p>A continuaci\u00f3n se disputar\u00e1 una Fase de PlayOffs por el T\u00edtulo y de Ascenso, cuartos de final con los 4 mejores equipos de cada grupo, a doble partido, (el 4 y 11 de mayo 2025), dos semifinales a doble partido, el 18 y el 25 de mayo 2025, que determinar\u00e1n los 2 equipos vencedores que ascender\u00edan a Nacional-N1, y que disputar\u00eda la gran final el Domingo 1 de junio de 2025, a las 19:15h, en la Ciudad Dptva. Javier Imbroda (Carranque).<\/p>\n\n\n\n<p><strong>COPA FEDERACI\u00d3N.-<\/strong><\/p>\n\n\n\n<p>Los 4 equipos de cada grupo A y B, situados del 5\u00ba al 8\u00ba puesto en la clasificaci\u00f3n optar\u00e1n por disputar esta Copa Federaci\u00f3n. (5\u00baA vs 8\u00baB, 6\u00baB vs 7\u00baA, 5\u00baB vs 8\u00baA y 6\u00baA vs 7\u00baB). Cuartos de final el 11 de mayo de 2025.<\/p>\n\n\n\n<p>Semifinales el 18 de mayo de 2025, y la Final el domingo 25 de mayo de 2025, a las 17:15h, en la Ciudad Dptva. Javier Imbroda (Carranque).<\/p>\n\n\n\n<p><strong>EQUIPOS.-<\/strong><\/p>\n\n\n\n<p><strong>Grupo A<\/strong> (11 equipos): CB Novaschool Rinc\u00f3n de la Victoria, CB El Palo, Unicaja Andaluc\u00eda 09-10, C\u00edvitas Puerto Ban\u00fas CBSP, CB Benahav\u00eds Costa del Sol, I Love Pizza CD Puerta Oscura, EBG M\u00e1laga, CP Mijas Montero&amp;Rider Baloncesto, CB Andersen, Mijas Uni\u00f3n Basket y CB Alhaur\u00edn El Grande.<\/p>\n\n\n\n<p><strong>Grupo B<\/strong> (11 equipos): CB El Palo-La Fabrica de M\u00e1laga, CDC Los Olivos, CB Cartama, Torrebasket Club, Framasa Deportivo Coin, Torino Malaga Basket, Colegio El Pinar, CD Malaga Oeste, Fertinagro CB Torcal, Rincon Basket Club Clinicas Rincon Dental y CB Alhaurin de la Torre. <\/p>\n","protected":false},"excerpt":{"rendered":"<p>\u00c1MBITO &gt;&gt; PROVINCIA DE M\u00c1LAGA EQUIPOS PARTICIPANTES Grupo A.-&nbsp; CB Novaschool Rinc\u00f3n de la VictoriaCB..<\/p>\n","protected":false},"author":2,"featured_media":0,"parent":0,"menu_order":0,"comment_status":"open","ping_status":"closed","template":"","meta":{"footnotes":""},"class_list":["post-234","page","type-page","status-publish","hentry"],"_links":{"self":[{"href":"https:\/\/www.baloncestobenahavis.com\/index.php?rest_route=\/wp\/v2\/pages\/234","targetHints":{"allow":["GET"]}}],"collection":[{"href":"https:\/\/www.baloncestobenahavis.com\/index.php?rest_route=\/wp\/v2\/pages"}],"about":[{"href":"https:\/\/www.baloncestobenahavis.com\/index.php?rest_route=\/wp\/v2\/types\/page"}],"author":[{"embeddable":true,"href":"https:\/\/www.baloncestobenahavis.com\/index.php?rest_route=\/wp\/v2\/users\/2"}],"replies":[{"embeddable":true,"href":"https:\/\/www.baloncestobenahavis.com\/index.php?rest_route=%2Fwp%2Fv2%2Fcomments&post=234"}],"version-history":[{"count":44,"href":"https:\/\/www.baloncestobenahavis.com\/index.php?rest_route=\/wp\/v2\/pages\/234\/revisions"}],"predecessor-version":[{"id":13382,"href":"https:\/\/www.baloncestobenahavis.com\/index.php?rest_route=\/wp\/v2\/pages\/234\/revisions\/13382"}],"wp:attachment":[{"href":"https:\/\/www.baloncestobenahavis.com\/index.php?rest_route=%2Fwp%2Fv2%2Fmedia&parent=234"}],"curies":[{"name":"wp","href":"https:\/\/api.w.org\/{rel}","templated":true}]}}