{"id":16,"date":"2013-08-12T14:26:13","date_gmt":"2013-08-12T14:26:13","guid":{"rendered":"http:\/\/www.baloncestobenahavis.com\/?page_id=16"},"modified":"2016-10-18T13:16:12","modified_gmt":"2016-10-18T11:16:12","slug":"bienvenids-2","status":"publish","type":"page","link":"https:\/\/www.baloncestobenahavis.com\/?page_id=16","title":{"rendered":"BIENVENID@S"},"content":{"rendered":"<p style=\"text-align: left;\"><img decoding=\"async\" class=\"alignleft wp-image-419 size-full\" style=\"border: 0px solid black; margin-top: 2px; margin-bottom: 2px;\" src=\"http:\/\/www.baloncestobenahavis.com\/wp-content\/uploads\/2013\/08\/FOTO-ALEXIS.png\" alt=\"Presidente del Club\" width=\"161\" height=\"241\" \/>Estimados empresarios, aficionados y amigos,<\/p>\n<p style=\"text-align: left;\">Como Presidente de nuestro Club estoy muy orgulloso de daros la bienvenida a este dossier de presentaci\u00f3n y promocional de nuestra entidad, que es el fruto del constante esfuerzo que persigue el \u201c<strong>CLUB BALONCESTO BENAHAVIS COSTA DEL SOL<\/strong>\u201d, por seguir creciendo y mejorando como Club Deportivo Profesional.<\/p>\n<p style=\"text-align: left;\">Os ofrecemos a trav\u00e9s de nuestro Club un medio de divulgaci\u00f3n de su empresa mediante m\u00faltiples soportes publicitarios que ponemos a su alcance. Estos permitir\u00e1n que el nombre de Benahav\u00eds, de la Costa del Sol y de todas las entidades que apoyen nuestro proyecto deportivo y social, esten presentes por la provincia de M\u00e1laga, por toda Andaluc\u00eda, y llegado el momento por todo el territorio nacional.<\/p>\n<p style=\"text-align: left;\">Pretendemos potenciar la interacci\u00f3n del Club con todos sus amigos y aficionados a trav\u00e9s su p\u00e1gina web \u201c<strong>www.baloncestobenahavis.com<\/strong>\u201d y usando las nuevas herramientas de comunicaci\u00f3n mediante las redes sociales \u201cFacebook, Twitter , YouTube e Instagram\u201d, resultando un punto de encuentro entre el Club, nuestros jugadore\/as y sus seguidore\/as.<\/p>\n<p style=\"text-align: left;\">Esperamos que toda la ilusi\u00f3n y el trabajo que desde el \u201c<strong>C.B. BENAHAVIS COSTA DEL SOL<\/strong>\u201d hemos invertido sea de vuestro agrado y que con vuestro apoyo nos ayud\u00e9is en este empe\u00f1o. Muchos son los deseos que tenemos depositados en el futuro y que con la ayuda de todos y todas conseguiremos para nuestro Club, para la ciudad de Benahav\u00eds, y en general para toda la Costa del Sol.<\/p>\n<p style=\"text-align: left;\">Queremos agradecer el esfuerzo de todos los que hacen posible que el baloncesto de nuestra ciudad sea una realidad, a los padres, a los entrenadores, a las instituciones, a los directivos del Club.<\/p>\n<h3 style=\"text-align: left;\"><strong>Bienvenidos a la gran familia del \u201c Club Baloncesto Benahav\u00eds Costa del Sol \u201d.<\/strong><\/h3>\n<p style=\"text-align: left;\">Recibid todos un fuerte abrazo.<\/p>\n<p style=\"text-align: justify;\">Alexis Fernandes Baz\u00e1n<br \/>\nPresidente<\/p>\n","protected":false},"excerpt":{"rendered":"<p>Estimados empresarios, aficionados y amigos, Como Presidente de nuestro Club estoy muy orgulloso de daros..<\/p>\n","protected":false},"author":2,"featured_media":0,"parent":0,"menu_order":0,"comment_status":"open","ping_status":"closed","template":"","meta":{"footnotes":""},"class_list":["post-16","page","type-page","status-publish","hentry"],"_links":{"self":[{"href":"https:\/\/www.baloncestobenahavis.com\/index.php?rest_route=\/wp\/v2\/pages\/16","targetHints":{"allow":["GET"]}}],"collection":[{"href":"https:\/\/www.baloncestobenahavis.com\/index.php?rest_route=\/wp\/v2\/pages"}],"about":[{"href":"https:\/\/www.baloncestobenahavis.com\/index.php?rest_route=\/wp\/v2\/types\/page"}],"author":[{"embeddable":true,"href":"https:\/\/www.baloncestobenahavis.com\/index.php?rest_route=\/wp\/v2\/users\/2"}],"replies":[{"embeddable":true,"href":"https:\/\/www.baloncestobenahavis.com\/index.php?rest_route=%2Fwp%2Fv2%2Fcomments&post=16"}],"version-history":[{"count":13,"href":"https:\/\/www.baloncestobenahavis.com\/index.php?rest_route=\/wp\/v2\/pages\/16\/revisions"}],"predecessor-version":[{"id":2544,"href":"https:\/\/www.baloncestobenahavis.com\/index.php?rest_route=\/wp\/v2\/pages\/16\/revisions\/2544"}],"wp:attachment":[{"href":"https:\/\/www.baloncestobenahavis.com\/index.php?rest_route=%2Fwp%2Fv2%2Fmedia&parent=16"}],"curies":[{"name":"wp","href":"https:\/\/api.w.org\/{rel}","templated":true}]}}